{"id":330,"date":"2019-06-20T04:00:52","date_gmt":"2019-06-20T04:00:52","guid":{"rendered":"https:\/\/doctoraerendiraortiz.com\/?page_id=330"},"modified":"2019-08-05T19:53:24","modified_gmt":"2019-08-05T19:53:24","slug":"obstetricia","status":"publish","type":"page","link":"https:\/\/doctoraerendiraortiz.com\/index.php\/obstetricia\/","title":{"rendered":"Obstetricia"},"content":{"rendered":"\t\t<div data-elementor-type=\"wp-post\" data-elementor-id=\"330\" class=\"elementor elementor-330\" data-elementor-settings=\"[]\">\n\t\t\t\t\t\t<div class=\"elementor-inner\">\n\t\t\t\t\t\t\t<div class=\"elementor-section-wrap\">\n\t\t\t\t\t\t\t<section class=\"elementor-section elementor-top-section elementor-element elementor-element-86e92b1 elementor-section-height-min-height elementor-section-content-middle elementor-section-stretched elementor-section-boxed elementor-section-height-default elementor-section-items-middle\" data-id=\"86e92b1\" data-element_type=\"section\" data-settings=\"{&quot;background_background&quot;:&quot;classic&quot;,&quot;stretch_section&quot;:&quot;section-stretched&quot;}\">\n\t\t\t\t\t\t\t<div class=\"elementor-background-overlay\"><\/div>\n\t\t\t\t\t\t\t<div class=\"elementor-container elementor-column-gap-no\">\n\t\t\t\t\t\t\t<div class=\"elementor-row\">\n\t\t\t\t\t<div class=\"elementor-column elementor-col-50 elementor-top-column elementor-element elementor-element-030773a\" data-id=\"030773a\" data-element_type=\"column\">\n\t\t\t<div class=\"elementor-column-wrap elementor-element-populated\">\n\t\t\t\t\t\t\t<div class=\"elementor-widget-wrap\">\n\t\t\t\t\t\t<div class=\"elementor-element elementor-element-20f2f54 elementor-widget elementor-widget-heading\" data-id=\"20f2f54\" data-element_type=\"widget\" data-widget_type=\"heading.default\">\n\t\t\t\t<div class=\"elementor-widget-container\">\n\t\t\t<h5 class=\"elementor-heading-title elementor-size-default\">obstetricia<\/h5>\t\t<\/div>\n\t\t\t\t<\/div>\n\t\t\t\t<div class=\"elementor-element elementor-element-66d8a68 elementor-widget elementor-widget-heading\" data-id=\"66d8a68\" data-element_type=\"widget\" data-widget_type=\"heading.default\">\n\t\t\t\t<div class=\"elementor-widget-container\">\n\t\t\t<h2 class=\"elementor-heading-title elementor-size-default\">Mam\u00e1 sana, <br>beb\u00e9 sano<\/h2>\t\t<\/div>\n\t\t\t\t<\/div>\n\t\t\t\t<div class=\"elementor-element elementor-element-9a0c49b elementor-mobile-align-center elementor-widget elementor-widget-button\" data-id=\"9a0c49b\" data-element_type=\"widget\" data-widget_type=\"button.default\">\n\t\t\t\t<div class=\"elementor-widget-container\">\n\t\t\t\t\t<div class=\"elementor-button-wrapper\">\n\t\t\t<a href=\"#obste\" class=\"elementor-button-link elementor-button elementor-size-sm\" role=\"button\">\n\t\t\t\t\t\t<span class=\"elementor-button-content-wrapper\">\n\t\t\t\t\t\t<span class=\"elementor-button-text\">ver m\u00e1s<\/span>\n\t\t<\/span>\n\t\t\t\t\t<\/a>\n\t\t<\/div>\n\t\t\t\t<\/div>\n\t\t\t\t<\/div>\n\t\t\t\t<div class=\"elementor-element elementor-element-c9105df elementor-widget elementor-widget-image\" data-id=\"c9105df\" data-element_type=\"widget\" data-widget_type=\"image.default\">\n\t\t\t\t<div class=\"elementor-widget-container\">\n\t\t\t\t\t<div class=\"elementor-image\">\n\t\t\t\t\t\t\t\t\t\t<img width=\"153\" height=\"90\" src=\"https:\/\/doctoraerendiraortiz.com\/wp-content\/uploads\/2019\/06\/BRILLO2.png\" class=\"attachment-large size-large\" alt=\"\" decoding=\"async\" loading=\"lazy\" \/>\t\t\t\t\t\t\t\t\t\t\t<\/div>\n\t\t\t\t<\/div>\n\t\t\t\t<\/div>\n\t\t\t\t\t\t<\/div>\n\t\t\t\t\t<\/div>\n\t\t<\/div>\n\t\t\t\t<div class=\"elementor-column elementor-col-50 elementor-top-column elementor-element elementor-element-75b60f1\" data-id=\"75b60f1\" data-element_type=\"column\">\n\t\t\t<div class=\"elementor-column-wrap\">\n\t\t\t\t\t\t\t<div class=\"elementor-widget-wrap\">\n\t\t\t\t\t\t\t\t<\/div>\n\t\t\t\t\t<\/div>\n\t\t<\/div>\n\t\t\t\t\t\t\t\t<\/div>\n\t\t\t\t\t<\/div>\n\t\t<\/section>\n\t\t\t\t<section class=\"elementor-section elementor-top-section elementor-element elementor-element-13999d55 elementor-section-content-middle elementor-section-boxed elementor-section-height-default elementor-section-height-default\" data-id=\"13999d55\" data-element_type=\"section\" id=\"obste\" data-settings=\"{&quot;background_background&quot;:&quot;classic&quot;}\">\n\t\t\t\t\t\t<div class=\"elementor-container elementor-column-gap-default\">\n\t\t\t\t\t\t\t<div class=\"elementor-row\">\n\t\t\t\t\t<div class=\"elementor-column elementor-col-50 elementor-top-column elementor-element elementor-element-21a5fc5\" data-id=\"21a5fc5\" data-element_type=\"column\">\n\t\t\t<div class=\"elementor-column-wrap elementor-element-populated\">\n\t\t\t\t\t\t\t<div class=\"elementor-widget-wrap\">\n\t\t\t\t\t\t<div class=\"elementor-element elementor-element-654b8f37 elementor-widget elementor-widget-heading\" data-id=\"654b8f37\" data-element_type=\"widget\" data-widget_type=\"heading.default\">\n\t\t\t\t<div class=\"elementor-widget-container\">\n\t\t\t<h3 class=\"elementor-heading-title elementor-size-large\">OBSTETRICIA<\/h3>\t\t<\/div>\n\t\t\t\t<\/div>\n\t\t\t\t<div class=\"elementor-element elementor-element-2f98dea elementor-widget elementor-widget-text-editor\" data-id=\"2f98dea\" data-element_type=\"widget\" data-widget_type=\"text-editor.default\">\n\t\t\t\t<div class=\"elementor-widget-container\">\n\t\t\t\t\t<div class=\"elementor-text-editor elementor-clearfix\"><p>Mi principal objetivo es la b\u00fasqueda del embarazo espont\u00e1neo para que este se desarrolle con la m\u00e1xima normalidad posible.\u00a0<\/p><p>Tu salud y la de tu beb\u00e9 es mi mayor prioridad, por lo que estoy comprometida en proveer el mayor cuidado m\u00e9dico tanto para embarazos sin complicaciones como de alto riesgo.<\/p><p>La atenci\u00f3n del embarazo y la resoluci\u00f3n de este, es llevada a cabo en el <a href=\"https:\/\/centromedicoabc.com\/\">Centro M\u00e9dico ABC<\/a>, campus Santa Fe.<\/p><p>El Centro M\u00e9dico ABC cumple con los m\u00e1s altos est\u00e1ndares de seguridad y calidad en la atenci\u00f3n al paciente, estando acreditado y certificado por la <a href=\"https:\/\/www.jointcommissioninternational.org\/\">Joint Commission International<\/a> (JCI), m\u00e1xima instancia en evaluaci\u00f3n multinacional.<\/p><\/div>\n\t\t\t\t<\/div>\n\t\t\t\t<\/div>\n\t\t\t\t<section class=\"elementor-section elementor-inner-section elementor-element elementor-element-545e7c24 elementor-section-boxed elementor-section-height-default elementor-section-height-default\" data-id=\"545e7c24\" data-element_type=\"section\">\n\t\t\t\t\t\t<div class=\"elementor-container elementor-column-gap-wide\">\n\t\t\t\t\t\t\t<div class=\"elementor-row\">\n\t\t\t\t\t<div class=\"elementor-column elementor-col-50 elementor-inner-column elementor-element elementor-element-d8d3a5e\" data-id=\"d8d3a5e\" data-element_type=\"column\">\n\t\t\t<div class=\"elementor-column-wrap elementor-element-populated\">\n\t\t\t\t\t\t\t<div class=\"elementor-widget-wrap\">\n\t\t\t\t\t\t<div class=\"elementor-element elementor-element-24398db4 elementor-position-left elementor-view-default elementor-vertical-align-top elementor-widget elementor-widget-icon-box\" data-id=\"24398db4\" data-element_type=\"widget\" data-widget_type=\"icon-box.default\">\n\t\t\t\t<div class=\"elementor-widget-container\">\n\t\t\t\t\t<div class=\"elementor-icon-box-wrapper\">\n\t\t\t\t\t\t<div class=\"elementor-icon-box-icon\">\n\t\t\t\t<span class=\"elementor-icon elementor-animation-\" >\n\t\t\t\t<i class=\"fa fa-chevron-right\" aria-hidden=\"true\"><\/i>\t\t\t\t<\/span>\n\t\t\t<\/div>\n\t\t\t\t\t\t<div class=\"elementor-icon-box-content\">\n\t\t\t\t<h3 class=\"elementor-icon-box-title\">\n\t\t\t\t\t<span >Atenci\u00f3n Preconcepcional<\/span>\n\t\t\t\t<\/h3>\n\t\t\t\t\t\t\t<\/div>\n\t\t<\/div>\n\t\t\t\t<\/div>\n\t\t\t\t<\/div>\n\t\t\t\t<div class=\"elementor-element elementor-element-fc16367 elementor-position-left elementor-view-default elementor-vertical-align-top elementor-widget elementor-widget-icon-box\" data-id=\"fc16367\" data-element_type=\"widget\" data-widget_type=\"icon-box.default\">\n\t\t\t\t<div class=\"elementor-widget-container\">\n\t\t\t\t\t<div class=\"elementor-icon-box-wrapper\">\n\t\t\t\t\t\t<div class=\"elementor-icon-box-icon\">\n\t\t\t\t<span class=\"elementor-icon elementor-animation-\" >\n\t\t\t\t<i class=\"fa fa-chevron-right\" aria-hidden=\"true\"><\/i>\t\t\t\t<\/span>\n\t\t\t<\/div>\n\t\t\t\t\t\t<div class=\"elementor-icon-box-content\">\n\t\t\t\t<h3 class=\"elementor-icon-box-title\">\n\t\t\t\t\t<span >Control Prenatal<\/span>\n\t\t\t\t<\/h3>\n\t\t\t\t\t\t\t<\/div>\n\t\t<\/div>\n\t\t\t\t<\/div>\n\t\t\t\t<\/div>\n\t\t\t\t<div class=\"elementor-element elementor-element-7253bc2 elementor-position-left elementor-view-default elementor-vertical-align-top elementor-widget elementor-widget-icon-box\" data-id=\"7253bc2\" data-element_type=\"widget\" data-widget_type=\"icon-box.default\">\n\t\t\t\t<div class=\"elementor-widget-container\">\n\t\t\t\t\t<div class=\"elementor-icon-box-wrapper\">\n\t\t\t\t\t\t<div class=\"elementor-icon-box-icon\">\n\t\t\t\t<span class=\"elementor-icon elementor-animation-\" >\n\t\t\t\t<i class=\"fa fa-chevron-right\" aria-hidden=\"true\"><\/i>\t\t\t\t<\/span>\n\t\t\t<\/div>\n\t\t\t\t\t\t<div class=\"elementor-icon-box-content\">\n\t\t\t\t<h3 class=\"elementor-icon-box-title\">\n\t\t\t\t\t<span >Atenci\u00f3n del Parto Natural<\/span>\n\t\t\t\t<\/h3>\n\t\t\t\t\t\t\t<\/div>\n\t\t<\/div>\n\t\t\t\t<\/div>\n\t\t\t\t<\/div>\n\t\t\t\t\t\t<\/div>\n\t\t\t\t\t<\/div>\n\t\t<\/div>\n\t\t\t\t<div class=\"elementor-column elementor-col-50 elementor-inner-column elementor-element elementor-element-245f8bb2\" data-id=\"245f8bb2\" data-element_type=\"column\">\n\t\t\t<div class=\"elementor-column-wrap elementor-element-populated\">\n\t\t\t\t\t\t\t<div class=\"elementor-widget-wrap\">\n\t\t\t\t\t\t<div class=\"elementor-element elementor-element-66ba43d elementor-position-left elementor-view-default elementor-vertical-align-top elementor-widget elementor-widget-icon-box\" data-id=\"66ba43d\" data-element_type=\"widget\" data-widget_type=\"icon-box.default\">\n\t\t\t\t<div class=\"elementor-widget-container\">\n\t\t\t\t\t<div class=\"elementor-icon-box-wrapper\">\n\t\t\t\t\t\t<div class=\"elementor-icon-box-icon\">\n\t\t\t\t<span class=\"elementor-icon elementor-animation-\" >\n\t\t\t\t<i class=\"fa fa-chevron-right\" aria-hidden=\"true\"><\/i>\t\t\t\t<\/span>\n\t\t\t<\/div>\n\t\t\t\t\t\t<div class=\"elementor-icon-box-content\">\n\t\t\t\t<h3 class=\"elementor-icon-box-title\">\n\t\t\t\t\t<span >Embarazo de Alto Riesgo<\/span>\n\t\t\t\t<\/h3>\n\t\t\t\t\t\t\t<\/div>\n\t\t<\/div>\n\t\t\t\t<\/div>\n\t\t\t\t<\/div>\n\t\t\t\t<div class=\"elementor-element elementor-element-ef5eae7 elementor-position-left elementor-view-default elementor-vertical-align-top elementor-widget elementor-widget-icon-box\" data-id=\"ef5eae7\" data-element_type=\"widget\" data-widget_type=\"icon-box.default\">\n\t\t\t\t<div class=\"elementor-widget-container\">\n\t\t\t\t\t<div class=\"elementor-icon-box-wrapper\">\n\t\t\t\t\t\t<div class=\"elementor-icon-box-icon\">\n\t\t\t\t<span class=\"elementor-icon elementor-animation-\" >\n\t\t\t\t<i class=\"fa fa-chevron-right\" aria-hidden=\"true\"><\/i>\t\t\t\t<\/span>\n\t\t\t<\/div>\n\t\t\t\t\t\t<div class=\"elementor-icon-box-content\">\n\t\t\t\t<h3 class=\"elementor-icon-box-title\">\n\t\t\t\t\t<span >Atenci\u00f3n Postparto<\/span>\n\t\t\t\t<\/h3>\n\t\t\t\t\t\t\t<\/div>\n\t\t<\/div>\n\t\t\t\t<\/div>\n\t\t\t\t<\/div>\n\t\t\t\t<div class=\"elementor-element elementor-element-2a8a64b elementor-position-left elementor-view-default elementor-vertical-align-top elementor-widget elementor-widget-icon-box\" data-id=\"2a8a64b\" data-element_type=\"widget\" data-widget_type=\"icon-box.default\">\n\t\t\t\t<div class=\"elementor-widget-container\">\n\t\t\t\t\t<div class=\"elementor-icon-box-wrapper\">\n\t\t\t\t\t\t<div class=\"elementor-icon-box-icon\">\n\t\t\t\t<span class=\"elementor-icon elementor-animation-\" >\n\t\t\t\t<i class=\"fa fa-chevron-right\" aria-hidden=\"true\"><\/i>\t\t\t\t<\/span>\n\t\t\t<\/div>\n\t\t\t\t\t\t<div class=\"elementor-icon-box-content\">\n\t\t\t\t<h3 class=\"elementor-icon-box-title\">\n\t\t\t\t\t<span >Planificaci\u00f3n Familiar<\/span>\n\t\t\t\t<\/h3>\n\t\t\t\t\t\t\t\t<p class=\"elementor-icon-box-description\">DIU de cobre <br>\nDIU hormonal <br>\nImplante subd\u00e9rmico<\/p>\n\t\t\t\t\t\t\t<\/div>\n\t\t<\/div>\n\t\t\t\t<\/div>\n\t\t\t\t<\/div>\n\t\t\t\t\t\t<\/div>\n\t\t\t\t\t<\/div>\n\t\t<\/div>\n\t\t\t\t\t\t\t\t<\/div>\n\t\t\t\t\t<\/div>\n\t\t<\/section>\n\t\t\t\t\t\t<\/div>\n\t\t\t\t\t<\/div>\n\t\t<\/div>\n\t\t\t\t<div class=\"elementor-column elementor-col-50 elementor-top-column elementor-element elementor-element-5e517542\" data-id=\"5e517542\" data-element_type=\"column\">\n\t\t\t<div class=\"elementor-column-wrap elementor-element-populated\">\n\t\t\t\t\t\t\t<div class=\"elementor-widget-wrap\">\n\t\t\t\t\t\t<div class=\"elementor-element elementor-element-805f292 elementor-hidden-phone elementor-widget elementor-widget-image\" data-id=\"805f292\" data-element_type=\"widget\" data-widget_type=\"image.default\">\n\t\t\t\t<div class=\"elementor-widget-container\">\n\t\t\t\t\t<div class=\"elementor-image\">\n\t\t\t\t\t\t\t\t\t\t<img width=\"1024\" height=\"576\" src=\"https:\/\/doctoraerendiraortiz.com\/wp-content\/uploads\/2019\/08\/17-1-1024x576.jpg\" class=\"attachment-large size-large\" alt=\"\" decoding=\"async\" loading=\"lazy\" srcset=\"https:\/\/doctoraerendiraortiz.com\/wp-content\/uploads\/2019\/08\/17-1-1024x576.jpg 1024w, https:\/\/doctoraerendiraortiz.com\/wp-content\/uploads\/2019\/08\/17-1-300x169.jpg 300w, https:\/\/doctoraerendiraortiz.com\/wp-content\/uploads\/2019\/08\/17-1-768x432.jpg 768w, https:\/\/doctoraerendiraortiz.com\/wp-content\/uploads\/2019\/08\/17-1-830x467.jpg 830w, https:\/\/doctoraerendiraortiz.com\/wp-content\/uploads\/2019\/08\/17-1-230x129.jpg 230w, https:\/\/doctoraerendiraortiz.com\/wp-content\/uploads\/2019\/08\/17-1-350x197.jpg 350w, https:\/\/doctoraerendiraortiz.com\/wp-content\/uploads\/2019\/08\/17-1-480x270.jpg 480w, https:\/\/doctoraerendiraortiz.com\/wp-content\/uploads\/2019\/08\/17-1.jpg 1920w\" sizes=\"(max-width: 1024px) 100vw, 1024px\" \/>\t\t\t\t\t\t\t\t\t\t\t<\/div>\n\t\t\t\t<\/div>\n\t\t\t\t<\/div>\n\t\t\t\t<div class=\"elementor-element elementor-element-b0b353a elementor-hidden-phone elementor-widget elementor-widget-image\" data-id=\"b0b353a\" data-element_type=\"widget\" data-widget_type=\"image.default\">\n\t\t\t\t<div class=\"elementor-widget-container\">\n\t\t\t\t\t<div class=\"elementor-image\">\n\t\t\t\t\t\t\t\t\t\t<img width=\"1024\" height=\"576\" src=\"https:\/\/doctoraerendiraortiz.com\/wp-content\/uploads\/2019\/06\/6-1-1024x576.jpg\" class=\"attachment-large size-large\" alt=\"\" decoding=\"async\" loading=\"lazy\" srcset=\"https:\/\/doctoraerendiraortiz.com\/wp-content\/uploads\/2019\/06\/6-1-1024x576.jpg 1024w, https:\/\/doctoraerendiraortiz.com\/wp-content\/uploads\/2019\/06\/6-1-300x169.jpg 300w, https:\/\/doctoraerendiraortiz.com\/wp-content\/uploads\/2019\/06\/6-1-768x432.jpg 768w, https:\/\/doctoraerendiraortiz.com\/wp-content\/uploads\/2019\/06\/6-1-500x281.jpg 500w, https:\/\/doctoraerendiraortiz.com\/wp-content\/uploads\/2019\/06\/6-1-800x450.jpg 800w, https:\/\/doctoraerendiraortiz.com\/wp-content\/uploads\/2019\/06\/6-1-1280x720.jpg 1280w, https:\/\/doctoraerendiraortiz.com\/wp-content\/uploads\/2019\/06\/6-1.jpg 1920w, https:\/\/doctoraerendiraortiz.com\/wp-content\/uploads\/2019\/06\/6-1-830x467.jpg 830w, https:\/\/doctoraerendiraortiz.com\/wp-content\/uploads\/2019\/06\/6-1-230x129.jpg 230w, https:\/\/doctoraerendiraortiz.com\/wp-content\/uploads\/2019\/06\/6-1-350x197.jpg 350w, https:\/\/doctoraerendiraortiz.com\/wp-content\/uploads\/2019\/06\/6-1-480x270.jpg 480w\" sizes=\"(max-width: 1024px) 100vw, 1024px\" \/>\t\t\t\t\t\t\t\t\t\t\t<\/div>\n\t\t\t\t<\/div>\n\t\t\t\t<\/div>\n\t\t\t\t<div class=\"elementor-element elementor-element-e4553c4 elementor-hidden-phone elementor-widget elementor-widget-image\" data-id=\"e4553c4\" data-element_type=\"widget\" data-widget_type=\"image.default\">\n\t\t\t\t<div class=\"elementor-widget-container\">\n\t\t\t\t\t<div class=\"elementor-image\">\n\t\t\t\t\t\t\t\t\t\t<img width=\"1024\" height=\"576\" src=\"https:\/\/doctoraerendiraortiz.com\/wp-content\/uploads\/2019\/06\/5-1-1024x576.jpg\" class=\"attachment-large size-large\" alt=\"\" decoding=\"async\" loading=\"lazy\" srcset=\"https:\/\/doctoraerendiraortiz.com\/wp-content\/uploads\/2019\/06\/5-1-1024x576.jpg 1024w, https:\/\/doctoraerendiraortiz.com\/wp-content\/uploads\/2019\/06\/5-1-300x169.jpg 300w, https:\/\/doctoraerendiraortiz.com\/wp-content\/uploads\/2019\/06\/5-1-768x432.jpg 768w, https:\/\/doctoraerendiraortiz.com\/wp-content\/uploads\/2019\/06\/5-1-500x281.jpg 500w, https:\/\/doctoraerendiraortiz.com\/wp-content\/uploads\/2019\/06\/5-1-800x450.jpg 800w, https:\/\/doctoraerendiraortiz.com\/wp-content\/uploads\/2019\/06\/5-1-1280x720.jpg 1280w, https:\/\/doctoraerendiraortiz.com\/wp-content\/uploads\/2019\/06\/5-1.jpg 1920w, https:\/\/doctoraerendiraortiz.com\/wp-content\/uploads\/2019\/06\/5-1-830x467.jpg 830w, https:\/\/doctoraerendiraortiz.com\/wp-content\/uploads\/2019\/06\/5-1-230x129.jpg 230w, https:\/\/doctoraerendiraortiz.com\/wp-content\/uploads\/2019\/06\/5-1-350x197.jpg 350w, https:\/\/doctoraerendiraortiz.com\/wp-content\/uploads\/2019\/06\/5-1-480x270.jpg 480w\" sizes=\"(max-width: 1024px) 100vw, 1024px\" \/>\t\t\t\t\t\t\t\t\t\t\t<\/div>\n\t\t\t\t<\/div>\n\t\t\t\t<\/div>\n\t\t\t\t\t\t<\/div>\n\t\t\t\t\t<\/div>\n\t\t<\/div>\n\t\t\t\t\t\t\t\t<\/div>\n\t\t\t\t\t<\/div>\n\t\t<\/section>\n\t\t\t\t\t\t<\/div>\n\t\t\t\t\t\t<\/div>\n\t\t\t\t\t<\/div>\n\t\t","protected":false},"excerpt":{"rendered":"<p>obstetricia Mam\u00e1 sana, beb\u00e9 sano ver m\u00e1s OBSTETRICIA Mi principal objetivo es la b\u00fasqueda del embarazo espont\u00e1neo para que este se desarrolle con la m\u00e1xima normalidad posible.\u00a0 Tu salud y la de tu beb\u00e9 es mi mayor prioridad, por lo que estoy comprometida en proveer el mayor cuidado m\u00e9dico tanto para embarazos sin complicaciones como [&hellip;]<\/p>\n","protected":false},"author":1,"featured_media":0,"parent":0,"menu_order":0,"comment_status":"closed","ping_status":"closed","template":"elementor_header_footer","meta":[],"_links":{"self":[{"href":"https:\/\/doctoraerendiraortiz.com\/index.php\/wp-json\/wp\/v2\/pages\/330"}],"collection":[{"href":"https:\/\/doctoraerendiraortiz.com\/index.php\/wp-json\/wp\/v2\/pages"}],"about":[{"href":"https:\/\/doctoraerendiraortiz.com\/index.php\/wp-json\/wp\/v2\/types\/page"}],"author":[{"embeddable":true,"href":"https:\/\/doctoraerendiraortiz.com\/index.php\/wp-json\/wp\/v2\/users\/1"}],"replies":[{"embeddable":true,"href":"https:\/\/doctoraerendiraortiz.com\/index.php\/wp-json\/wp\/v2\/comments?post=330"}],"version-history":[{"count":14,"href":"https:\/\/doctoraerendiraortiz.com\/index.php\/wp-json\/wp\/v2\/pages\/330\/revisions"}],"predecessor-version":[{"id":523,"href":"https:\/\/doctoraerendiraortiz.com\/index.php\/wp-json\/wp\/v2\/pages\/330\/revisions\/523"}],"wp:attachment":[{"href":"https:\/\/doctoraerendiraortiz.com\/index.php\/wp-json\/wp\/v2\/media?parent=330"}],"curies":[{"name":"wp","href":"https:\/\/api.w.org\/{rel}","templated":true}]}}